{"id":837,"date":"2017-12-04T15:12:27","date_gmt":"2017-12-04T12:12:27","guid":{"rendered":"https:\/\/www.viking-intl.com\/Viking-intl\/?page_id=837"},"modified":"2024-12-14T01:42:11","modified_gmt":"2024-12-14T01:42:11","slug":"tamamlama-hizmetleri","status":"publish","type":"page","link":"https:\/\/viking-intl.com\/tr\/products-services\/energy-services\/completion-services\/","title":{"rendered":"Kuyu Tamamlama Hizmetleri"},"content":{"rendered":"<div id=\"pg-837-0\"  class=\"panel-grid\" ><div class=\"panel-grid-core\"><div id=\"pgc-837-0-0\"  class=\"panel-grid-cell\" ><\/div><div id=\"pgc-837-0-1\"  class=\"panel-grid-cell\" ><div class=\"panel-widget-style\" ><div class=\"thinkupslider-sc style1\" data-height=\"200\"><div id=\"thinkupshortcodesthinkup_builder_thinkupslider\" class=\"thinkupslider-sc-core\"><div class=\"rslides-container\" data-speed=\"6000\"><div class=\"rslides-inner page-inner\"><ul class=\"slides\"><li><img decoding=\"async\" src=\"https:\/\/viking-intl.com\/wp-content\/themes\/Renden_Pro\/images\/transparent.png\" style=\"background: url(https:\/\/viking-intl.com\/wp-content\/uploads\/2024\/12\/Company_8-1.jpg) no-repeat center; background-size: cover;\" alt=\"\" \/><div class=\"rslides-content\"><div class=\"wrap-safari\"><div class=\"rslides-content-inner\"><div class=\"featured\"><\/div><\/div><\/div><\/div><\/li><\/ul><\/div><\/div><\/div><\/div><\/div><\/div><div id=\"pgc-837-0-2\"  class=\"panel-grid-cell\" ><\/div><\/div><\/div><div id=\"pg-837-1\"  class=\"panel-grid\" ><div class=\"panel-grid-core\"><div id=\"pgc-837-1-0\"  class=\"panel-grid-cell\" ><\/div><div id=\"pgc-837-1-1\"  class=\"panel-grid-cell\" ><div class=\"panel-widget-style\" >\t\t\t<div class=\"textwidget\"><p>Viking Services\u2019\u0131n tamamlama kuleleri (completion rigs), kuyunun t\u00fcm ya\u015fam d\u00f6ng\u00fcs\u00fcn\u00fc kapsayan hizmetler sunmaktad\u0131r. Periyodik bak\u0131mdan kapsaml\u0131 kuyu workover i\u015flemlerine kadar, Viking ihtiya\u00e7lar\u0131n\u0131za uygun kule \u00e7\u00f6z\u00fcmleri sunarak \u00fcretim verimlili\u011fini art\u0131r\u0131r.\n\nViking\u2019in deneyimli ekipleri, petrol veya do\u011fal gaz\u0131n yeralt\u0131 rezervuarlar\u0131ndan y\u00fczeydeki \u00fcretim ve toplama sistemlerine ta\u015f\u0131nmas\u0131n\u0131 sa\u011flayan t\u00fcm kuyu i\u00e7i ekipmanlar\u0131n bak\u0131m\u0131na destek olur. Tamamlama i\u015flemleri \u00fcretimi ba\u015flat\u0131rken; workover, kuyu servis hizmetleri ve stim\u00fclasyon i\u015flemleri, \u00fcretimdeki kuyular\u0131n uzun \u00f6m\u00fcrl\u00fc olmas\u0131 a\u00e7\u0131s\u0131ndan kritik \u00f6neme sahiptir.\nViking Services ayr\u0131ca, hem \u00fcretimde olan hem de olmayan formasyonlar\u0131n \u00e7evre ve \u00e7evredeki di\u011fer formasyonlardan uygun \u015fekilde izole edilmesini sa\u011flamak amac\u0131yla kuyu terk etme (plug and abandonment) hizmetleri de sunmaktad\u0131r.<\/p>\n<p>Filomuz, 650 HP\u2019ye kadar motor g\u00fcc\u00fcne ve 355.000 lb kapasiteli derrick\u2019lere sahip 8 adet workover ve servis kulesinden olu\u015fmaktad\u0131r. Ayr\u0131ca, tamamlama kulelerimiz; pompalar, \u00e7amur tanklar\u0131, klima (A\/C) jenerat\u00f6rleri, power swivel\u2019lar, BOP\u2019lar, frac tanklar\u0131, azot \u00fcretim sistemleri ve workover, bak\u0131m veya tamamlama programlar\u0131n\u0131z\u0131 ger\u00e7ekle\u015ftirmek i\u00e7in gerekli di\u011fer t\u00fcm yard\u0131mc\u0131 ekipman se\u00e7enekleri ile birlikte sunulabilmektedir.<\/p>\n<\/div>\n\t\t<\/div><\/div><div id=\"pgc-837-1-2\"  class=\"panel-grid-cell\" ><\/div><\/div><\/div><div id=\"pg-837-2\"  class=\"panel-grid\" ><div class=\"panel-grid-core\"><div id=\"pgc-837-2-0\"  class=\"panel-grid-cell\" ><\/div><div id=\"pgc-837-2-1\"  class=\"panel-grid-cell\" ><div class=\"panel-widget-style\" ><div class=\"divider\"><\/div><\/div><\/div><div id=\"pgc-837-2-2\"  class=\"panel-grid-cell\" ><\/div><\/div><\/div><div id=\"pg-837-3\"  class=\"panel-grid\" ><div class=\"panel-grid-core\"><div id=\"pgc-837-3-0\"  class=\"panel-grid-cell\" ><\/div><div id=\"pgc-837-3-1\"  class=\"panel-grid-cell\" ><\/div><div id=\"pgc-837-3-2\"  class=\"panel-grid-cell\" ><\/div><\/div><\/div>","protected":false},"excerpt":{"rendered":"<p>Viking Services completion rigs offer complete &#8220;life of well&#8221; services. From periodic maintenance to complete well workovers, Viking can offer the rig to suit your needs and enhance recovery. Viking\u2019s experienced crews can help maintain all downhole tools used to lift oil or natural gas from subsurface reservoirs to surface production and gathering systems. While<\/p>\n<p class=\"more-link\"><a href=\"https:\/\/viking-intl.com\/tr\/products-services\/energy-services\/completion-services\/\" class=\"themebutton2\">Daha Fazla Oku<\/a><\/p>","protected":false},"author":1,"featured_media":0,"parent":273,"menu_order":0,"comment_status":"closed","ping_status":"closed","template":"","meta":{"footnotes":""},"categories":[46],"tags":[47,5],"class_list":["post-837","page","type-page","status-publish","hentry","category-completion","tag-completion","tag-energy-services"],"_links":{"self":[{"href":"https:\/\/viking-intl.com\/tr\/wp-json\/wp\/v2\/pages\/837","targetHints":{"allow":["GET"]}}],"collection":[{"href":"https:\/\/viking-intl.com\/tr\/wp-json\/wp\/v2\/pages"}],"about":[{"href":"https:\/\/viking-intl.com\/tr\/wp-json\/wp\/v2\/types\/page"}],"author":[{"embeddable":true,"href":"https:\/\/viking-intl.com\/tr\/wp-json\/wp\/v2\/users\/1"}],"replies":[{"embeddable":true,"href":"https:\/\/viking-intl.com\/tr\/wp-json\/wp\/v2\/comments?post=837"}],"version-history":[{"count":2,"href":"https:\/\/viking-intl.com\/tr\/wp-json\/wp\/v2\/pages\/837\/revisions"}],"predecessor-version":[{"id":1999,"href":"https:\/\/viking-intl.com\/tr\/wp-json\/wp\/v2\/pages\/837\/revisions\/1999"}],"up":[{"embeddable":true,"href":"https:\/\/viking-intl.com\/tr\/wp-json\/wp\/v2\/pages\/273"}],"wp:attachment":[{"href":"https:\/\/viking-intl.com\/tr\/wp-json\/wp\/v2\/media?parent=837"}],"wp:term":[{"taxonomy":"category","embeddable":true,"href":"https:\/\/viking-intl.com\/tr\/wp-json\/wp\/v2\/categories?post=837"},{"taxonomy":"post_tag","embeddable":true,"href":"https:\/\/viking-intl.com\/tr\/wp-json\/wp\/v2\/tags?post=837"}],"curies":[{"name":"wp","href":"https:\/\/api.w.org\/{rel}","templated":true}]}}