{"id":848,"date":"2017-12-04T15:25:20","date_gmt":"2017-12-04T12:25:20","guid":{"rendered":"https:\/\/www.viking-intl.com\/Viking-intl\/?page_id=848"},"modified":"2026-02-20T21:30:22","modified_gmt":"2026-02-20T21:30:22","slug":"sarmal-boru","status":"publish","type":"page","link":"https:\/\/viking-intl.com\/tr\/products-services\/energy-services\/coiled-tubing\/","title":{"rendered":"Coiled Tubing"},"content":{"rendered":"<div id=\"pg-848-0\"  class=\"panel-grid\" ><div class=\"panel-grid-core\"><div id=\"pgc-848-0-0\"  class=\"panel-grid-cell\" ><\/div><div id=\"pgc-848-0-1\"  class=\"panel-grid-cell\" ><div class=\"panel-widget-style\" ><div class=\"thinkupslider-sc style1\" data-height=\"200\"><div id=\"thinkupshortcodesthinkup_builder_thinkupslider\" class=\"thinkupslider-sc-core\"><div class=\"rslides-container\" data-speed=\"6000\"><div class=\"rslides-inner page-inner\"><ul class=\"slides\"><li><img decoding=\"async\" src=\"https:\/\/viking-intl.com\/wp-content\/themes\/Renden_Pro\/images\/transparent.png\" style=\"background: url(https:\/\/viking-intl.com\/wp-content\/uploads\/2024\/12\/13-Coil-Tubing-1.jpg) no-repeat center; background-size: cover;\" alt=\"\" \/><div class=\"rslides-content\"><div class=\"wrap-safari\"><div class=\"rslides-content-inner\"><div class=\"featured\"><\/div><\/div><\/div><\/div><\/li><\/ul><\/div><\/div><\/div><\/div><\/div><\/div><div id=\"pgc-848-0-2\"  class=\"panel-grid-cell\" ><\/div><\/div><\/div><div id=\"pg-848-1\"  class=\"panel-grid\" ><div class=\"panel-grid-core\"><div id=\"pgc-848-1-0\"  class=\"panel-grid-cell\" ><\/div><div id=\"pgc-848-1-1\"  class=\"panel-grid-cell\" ><div class=\"panel-widget-style\" >\t\t\t<div class=\"textwidget\"><p><strong>Sarmal Boru ve Boru \u0130\u00e7i Hizmetleri<\/strong><\/p>\n<p>Viking'in geni\u015f hizmet yelpazesi i\u00e7erisinde  sarmal borulama ve boru i\u00e7i hizmetlerini de bar\u0131nd\u0131r\u0131yor. Viking , sondaj, tamamlama ve \u00fcretim operasyonlar\u0131n\u0131 desteklemek amac\u0131yla modern sarmal borulama ve boru i\u00e7i ekipmanlar\u0131na sahiptir. Sarmal borulama ve boru i\u00e7i hizmetleri, h\u0131zl\u0131 ta\u015f\u0131nabilirlik, kurulum ve s\u00fcrekli boru enjeksiyonu ve geri \u00e7ekilmesi yoluyla sondaj, tamamlama ve iyile\u015ftirme \u00e7al\u0131\u015fmalar\u0131n\u0131n s\u00fcresini azalt\u0131r. Sarmal borulama ve boru i\u00e7i hizmetleri, y\u00fcksek bas\u0131n\u00e7l\u0131 kuyu kontrol ekipmanlar\u0131yla birle\u015ftirilmi\u015f, bir esnetme trakt\u00f6r\u00fc arac\u0131l\u0131\u011f\u0131yla birle\u015fik bir boru hatt\u0131 kullanarak tamamlama ve m\u00fcdahale operasyonlar\u0131nda idealdir. Viking'in sarmal borulama ve boru i\u00e7i departman\u0131, m\u00fc\u015fterilere \u00e7e\u015fitli kuyu uygulamalar\u0131n\u0131n potansiyelini g\u00f6stermek i\u00e7in tavsiyeler ve sim\u00fclasyonlarla yard\u0131mc\u0131 olan bilgili bir m\u00fchendislik personeline sahiptir. \u00c7al\u0131\u015fma s\u00fcresini ve rezervuara m\u00fcdahaleyi en aza indirerek m\u00fc\u015fteriler i\u00e7in ekonomik verimlili\u011fi artt\u0131r\u0131r.<\/p>\n<\/div>\n\t\t<\/div><\/div><div id=\"pgc-848-1-2\"  class=\"panel-grid-cell\" ><\/div><\/div><\/div><div id=\"pg-848-2\"  class=\"panel-grid\" ><div class=\"panel-grid-core\"><div id=\"pgc-848-2-0\"  class=\"panel-grid-cell\" ><\/div><div id=\"pgc-848-2-1\"  class=\"panel-grid-cell\" ><div class=\"panel-widget-style\" ><p><img decoding=\"async\" src=\"https:\/\/viking-intl.com\/wp-content\/uploads\/2026\/02\/Coil-Tubing.png\" alt=\"\" ><\/p><\/div><\/div><div id=\"pgc-848-2-2\"  class=\"panel-grid-cell\" ><\/div><\/div><\/div>","protected":false},"excerpt":{"rendered":"<p>Coiled Tubing and Thru Tubing Services Viking Services offers coiled tubing and thru tubing within its long list of services. Viking Services has modern coiled tubing and thru tubing equipment to support drilling, completion, and production operations. Coiled tubing and thru tubing services reduce drilling, completion, and remediation work time through rapid mobility, rig up,<\/p>\n<p class=\"more-link\"><a href=\"https:\/\/viking-intl.com\/tr\/products-services\/energy-services\/coiled-tubing\/\" class=\"themebutton2\">Daha Fazla Oku<\/a><\/p>","protected":false},"author":1,"featured_media":0,"parent":273,"menu_order":0,"comment_status":"closed","ping_status":"closed","template":"","meta":{"footnotes":""},"categories":[49],"tags":[50,5],"class_list":["post-848","page","type-page","status-publish","hentry","category-coiled-tubing","tag-coiled-tubing","tag-energy-services"],"_links":{"self":[{"href":"https:\/\/viking-intl.com\/tr\/wp-json\/wp\/v2\/pages\/848","targetHints":{"allow":["GET"]}}],"collection":[{"href":"https:\/\/viking-intl.com\/tr\/wp-json\/wp\/v2\/pages"}],"about":[{"href":"https:\/\/viking-intl.com\/tr\/wp-json\/wp\/v2\/types\/page"}],"author":[{"embeddable":true,"href":"https:\/\/viking-intl.com\/tr\/wp-json\/wp\/v2\/users\/1"}],"replies":[{"embeddable":true,"href":"https:\/\/viking-intl.com\/tr\/wp-json\/wp\/v2\/comments?post=848"}],"version-history":[{"count":4,"href":"https:\/\/viking-intl.com\/tr\/wp-json\/wp\/v2\/pages\/848\/revisions"}],"predecessor-version":[{"id":2076,"href":"https:\/\/viking-intl.com\/tr\/wp-json\/wp\/v2\/pages\/848\/revisions\/2076"}],"up":[{"embeddable":true,"href":"https:\/\/viking-intl.com\/tr\/wp-json\/wp\/v2\/pages\/273"}],"wp:attachment":[{"href":"https:\/\/viking-intl.com\/tr\/wp-json\/wp\/v2\/media?parent=848"}],"wp:term":[{"taxonomy":"category","embeddable":true,"href":"https:\/\/viking-intl.com\/tr\/wp-json\/wp\/v2\/categories?post=848"},{"taxonomy":"post_tag","embeddable":true,"href":"https:\/\/viking-intl.com\/tr\/wp-json\/wp\/v2\/tags?post=848"}],"curies":[{"name":"wp","href":"https:\/\/api.w.org\/{rel}","templated":true}]}}